{"id":1866,"date":"2020-06-30T10:59:45","date_gmt":"2020-06-30T10:59:45","guid":{"rendered":"https:\/\/truck4event.eu\/?post_type=product&#038;p=1866"},"modified":"2020-12-23T11:37:05","modified_gmt":"2020-12-23T11:37:05","slug":"separebianco","status":"publish","type":"product","link":"https:\/\/trucks4events.eu\/?product=separebianco","title":{"rendered":"SEPARE&#8217; BIANCO"},"content":{"rendered":"","protected":false},"excerpt":{"rendered":"<p style=\"background: white; vertical-align: baseline; margin: 0cm 0cm 11.25pt 0cm;\"><span style=\"font-size: 10.5pt; font-family: 'Helvetica',sans-serif; color: #626262;\">Separ\u00e8 by Caimi. Struttura in alluminio con piastre di stabilit\u00e0 a terra in ferro. Colore telo separ\u00e8 bianco. Dimensioni 104 cm x h 180 cm&nbsp;<\/span><\/p>\n","protected":false},"featured_media":3425,"template":"","meta":{"ngg_post_thumbnail":0},"product_brand":[],"product_cat":[23,28,51],"product_tag":[],"class_list":{"0":"post-1866","1":"product","2":"type-product","3":"status-publish","4":"has-post-thumbnail","6":"product_cat-arredamenti","7":"product_cat-complementi-darredo","8":"product_cat-sistemi-di-sicurezza","10":"first","11":"instock","12":"taxable","13":"shipping-taxable","14":"product-type-simple"},"lang":"it","translations":{"it":1866,"en":2617},"pll_sync_post":[],"_links":{"self":[{"href":"https:\/\/trucks4events.eu\/index.php?rest_route=\/wp\/v2\/product\/1866","targetHints":{"allow":["GET"]}}],"collection":[{"href":"https:\/\/trucks4events.eu\/index.php?rest_route=\/wp\/v2\/product"}],"about":[{"href":"https:\/\/trucks4events.eu\/index.php?rest_route=\/wp\/v2\/types\/product"}],"wp:featuredmedia":[{"embeddable":true,"href":"https:\/\/trucks4events.eu\/index.php?rest_route=\/wp\/v2\/media\/3425"}],"wp:attachment":[{"href":"https:\/\/trucks4events.eu\/index.php?rest_route=%2Fwp%2Fv2%2Fmedia&parent=1866"}],"wp:term":[{"taxonomy":"product_brand","embeddable":true,"href":"https:\/\/trucks4events.eu\/index.php?rest_route=%2Fwp%2Fv2%2Fproduct_brand&post=1866"},{"taxonomy":"product_cat","embeddable":true,"href":"https:\/\/trucks4events.eu\/index.php?rest_route=%2Fwp%2Fv2%2Fproduct_cat&post=1866"},{"taxonomy":"product_tag","embeddable":true,"href":"https:\/\/trucks4events.eu\/index.php?rest_route=%2Fwp%2Fv2%2Fproduct_tag&post=1866"}],"curies":[{"name":"wp","href":"https:\/\/api.w.org\/{rel}","templated":true}]}}