{"id":4280,"date":"2021-12-01T15:01:07","date_gmt":"2021-12-01T15:01:07","guid":{"rendered":"https:\/\/trucks4events.eu\/?post_type=product&#038;p=4280"},"modified":"2021-12-01T15:03:20","modified_gmt":"2021-12-01T15:03:20","slug":"lampadari-in-rattan","status":"publish","type":"product","link":"https:\/\/trucks4events.eu\/?product=lampadari-in-rattan","title":{"rendered":"SET LAMPADARI IN RATTAN"},"content":{"rendered":"","protected":false},"excerpt":{"rendered":"<p>Set di lampade a sospensione in rattan intrecciato. Disponibili in quattro varianti.<\/p>\n<p>A balze \u00d8 50 cm x h 60 cm &#8211; A fiasco \u00d8&nbsp; 60 cm x h 62 cm &#8211; Ovale \u00d8 55 cm x h 40 cm &#8211; Tondo \u00d8 60 cm x h 50 cm<\/p>\n<p>Attacco per lampadina classico E27 (bocchettone)<\/p>\n<p>Max potenza lampadina 60 watt led<\/p>\n<!-- default-view.php -->\n<div\n\tclass=\"ngg-galleryoverview default-view\n\t\t\"\n\tid=\"ngg-gallery-0dfac365ae6dda679357a79dbca55288-1\">\n\n\t\t<!-- Thumbnails -->\n\t\t\t\t<div id=\"ngg-image-0\" class=\"ngg-gallery-thumbnail-box\n\t\t\t\t\t\t\t\tngg-6-columns\t\t\t\"\n\t\t\t>\n\t\t\t\t\t\t<div class=\"ngg-gallery-thumbnail\">\n\t\t\t<a href=\"https:\/\/trucks4events.eu\/wp\/wp-content\/gallery\/lampadario-rattan\/rattan-fiasco-2.webp\"\n\t\t\t\ttitle=\"\"\n\t\t\t\tdata-src=\"https:\/\/trucks4events.eu\/wp\/wp-content\/gallery\/lampadario-rattan\/rattan-fiasco-2.webp\"\n\t\t\t\tdata-thumbnail=\"https:\/\/trucks4events.eu\/wp\/wp-content\/gallery\/lampadario-rattan\/thumbs\/thumbs_rattan-fiasco-2.webp\"\n\t\t\t\tdata-image-id=\"436\"\n\t\t\t\tdata-title=\"rattan-fiasco-2\"\n\t\t\t\tdata-description=\"\"\n\t\t\t\tdata-image-slug=\"rattan-fiasco-2\"\n\t\t\t\tclass=\"ngg-simplelightbox\" rel=\"0dfac365ae6dda679357a79dbca55288\">\n\t\t\t\t<img\n\t\t\t\t\ttitle=\"rattan-fiasco-2\"\n\t\t\t\t\talt=\"rattan-fiasco-2\"\n\t\t\t\t\tsrc=\"https:\/\/trucks4events.eu\/wp\/wp-content\/gallery\/lampadario-rattan\/thumbs\/thumbs_rattan-fiasco-2.webp\"\n\t\t\t\t\twidth=\"240\"\n\t\t\t\t\theight=\"160\"\n\t\t\t\t\tstyle=\"max-width:100%;\"\n\t\t\t\t\/>\n\t\t\t<\/a>\n\t\t<\/div>\n\t\t\t\t\t\t\t<\/div>\n\t\t\t\n\t\t\t\t<div id=\"ngg-image-1\" class=\"ngg-gallery-thumbnail-box\n\t\t\t\t\t\t\t\tngg-6-columns\t\t\t\"\n\t\t\t>\n\t\t\t\t\t\t<div class=\"ngg-gallery-thumbnail\">\n\t\t\t<a href=\"https:\/\/trucks4events.eu\/wp\/wp-content\/gallery\/lampadario-rattan\/lampadario-vimini-3-balze.jpg\"\n\t\t\t\ttitle=\"\"\n\t\t\t\tdata-src=\"https:\/\/trucks4events.eu\/wp\/wp-content\/gallery\/lampadario-rattan\/lampadario-vimini-3-balze.jpg\"\n\t\t\t\tdata-thumbnail=\"https:\/\/trucks4events.eu\/wp\/wp-content\/gallery\/lampadario-rattan\/thumbs\/thumbs_lampadario-vimini-3-balze.jpg\"\n\t\t\t\tdata-image-id=\"437\"\n\t\t\t\tdata-title=\"lampadario-vimini-3-balze\"\n\t\t\t\tdata-description=\"\"\n\t\t\t\tdata-image-slug=\"lampadario-vimini-3-balze\"\n\t\t\t\tclass=\"ngg-simplelightbox\" rel=\"0dfac365ae6dda679357a79dbca55288\">\n\t\t\t\t<img\n\t\t\t\t\ttitle=\"lampadario-vimini-3-balze\"\n\t\t\t\t\talt=\"lampadario-vimini-3-balze\"\n\t\t\t\t\tsrc=\"https:\/\/trucks4events.eu\/wp\/wp-content\/gallery\/lampadario-rattan\/thumbs\/thumbs_lampadario-vimini-3-balze.jpg\"\n\t\t\t\t\twidth=\"240\"\n\t\t\t\t\theight=\"160\"\n\t\t\t\t\tstyle=\"max-width:100%;\"\n\t\t\t\t\/>\n\t\t\t<\/a>\n\t\t<\/div>\n\t\t\t\t\t\t\t<\/div>\n\t\t\t\n\t\t\t\t<div id=\"ngg-image-2\" class=\"ngg-gallery-thumbnail-box\n\t\t\t\t\t\t\t\tngg-6-columns\t\t\t\"\n\t\t\t>\n\t\t\t\t\t\t<div class=\"ngg-gallery-thumbnail\">\n\t\t\t<a href=\"https:\/\/trucks4events.eu\/wp\/wp-content\/gallery\/lampadario-rattan\/rattan.jpg\"\n\t\t\t\ttitle=\"\"\n\t\t\t\tdata-src=\"https:\/\/trucks4events.eu\/wp\/wp-content\/gallery\/lampadario-rattan\/rattan.jpg\"\n\t\t\t\tdata-thumbnail=\"https:\/\/trucks4events.eu\/wp\/wp-content\/gallery\/lampadario-rattan\/thumbs\/thumbs_rattan.jpg\"\n\t\t\t\tdata-image-id=\"438\"\n\t\t\t\tdata-title=\"rattan\"\n\t\t\t\tdata-description=\"\"\n\t\t\t\tdata-image-slug=\"rattan\"\n\t\t\t\tclass=\"ngg-simplelightbox\" rel=\"0dfac365ae6dda679357a79dbca55288\">\n\t\t\t\t<img\n\t\t\t\t\ttitle=\"rattan\"\n\t\t\t\t\talt=\"rattan\"\n\t\t\t\t\tsrc=\"https:\/\/trucks4events.eu\/wp\/wp-content\/gallery\/lampadario-rattan\/thumbs\/thumbs_rattan.jpg\"\n\t\t\t\t\twidth=\"240\"\n\t\t\t\t\theight=\"160\"\n\t\t\t\t\tstyle=\"max-width:100%;\"\n\t\t\t\t\/>\n\t\t\t<\/a>\n\t\t<\/div>\n\t\t\t\t\t\t\t<\/div>\n\t\t\t\n\t\t\t\t<div id=\"ngg-image-3\" class=\"ngg-gallery-thumbnail-box\n\t\t\t\t\t\t\t\tngg-6-columns\t\t\t\"\n\t\t\t>\n\t\t\t\t\t\t<div class=\"ngg-gallery-thumbnail\">\n\t\t\t<a href=\"https:\/\/trucks4events.eu\/wp\/wp-content\/gallery\/lampadario-rattan\/rattan-2.jpg\"\n\t\t\t\ttitle=\"\"\n\t\t\t\tdata-src=\"https:\/\/trucks4events.eu\/wp\/wp-content\/gallery\/lampadario-rattan\/rattan-2.jpg\"\n\t\t\t\tdata-thumbnail=\"https:\/\/trucks4events.eu\/wp\/wp-content\/gallery\/lampadario-rattan\/thumbs\/thumbs_rattan-2.jpg\"\n\t\t\t\tdata-image-id=\"439\"\n\t\t\t\tdata-title=\"rattan-2\"\n\t\t\t\tdata-description=\"\"\n\t\t\t\tdata-image-slug=\"rattan-2\"\n\t\t\t\tclass=\"ngg-simplelightbox\" rel=\"0dfac365ae6dda679357a79dbca55288\">\n\t\t\t\t<img\n\t\t\t\t\ttitle=\"rattan-2\"\n\t\t\t\t\talt=\"rattan-2\"\n\t\t\t\t\tsrc=\"https:\/\/trucks4events.eu\/wp\/wp-content\/gallery\/lampadario-rattan\/thumbs\/thumbs_rattan-2.jpg\"\n\t\t\t\t\twidth=\"240\"\n\t\t\t\t\theight=\"160\"\n\t\t\t\t\tstyle=\"max-width:100%;\"\n\t\t\t\t\/>\n\t\t\t<\/a>\n\t\t<\/div>\n\t\t\t\t\t\t\t<\/div>\n\t\t\t\n\t\t\t\t<div id=\"ngg-image-4\" class=\"ngg-gallery-thumbnail-box\n\t\t\t\t\t\t\t\tngg-6-columns\t\t\t\"\n\t\t\t>\n\t\t\t\t\t\t<div class=\"ngg-gallery-thumbnail\">\n\t\t\t<a href=\"https:\/\/trucks4events.eu\/wp\/wp-content\/gallery\/lampadario-rattan\/rattan-fiasco.webp\"\n\t\t\t\ttitle=\"\"\n\t\t\t\tdata-src=\"https:\/\/trucks4events.eu\/wp\/wp-content\/gallery\/lampadario-rattan\/rattan-fiasco.webp\"\n\t\t\t\tdata-thumbnail=\"https:\/\/trucks4events.eu\/wp\/wp-content\/gallery\/lampadario-rattan\/thumbs\/thumbs_rattan-fiasco.webp\"\n\t\t\t\tdata-image-id=\"440\"\n\t\t\t\tdata-title=\"rattan-fiasco\"\n\t\t\t\tdata-description=\"\"\n\t\t\t\tdata-image-slug=\"rattan-fiasco-3\"\n\t\t\t\tclass=\"ngg-simplelightbox\" rel=\"0dfac365ae6dda679357a79dbca55288\">\n\t\t\t\t<img\n\t\t\t\t\ttitle=\"rattan-fiasco\"\n\t\t\t\t\talt=\"rattan-fiasco\"\n\t\t\t\t\tsrc=\"https:\/\/trucks4events.eu\/wp\/wp-content\/gallery\/lampadario-rattan\/thumbs\/thumbs_rattan-fiasco.webp\"\n\t\t\t\t\twidth=\"240\"\n\t\t\t\t\theight=\"160\"\n\t\t\t\t\tstyle=\"max-width:100%;\"\n\t\t\t\t\/>\n\t\t\t<\/a>\n\t\t<\/div>\n\t\t\t\t\t\t\t<\/div>\n\t\t\t\n\t\t\t\t<div id=\"ngg-image-5\" class=\"ngg-gallery-thumbnail-box\n\t\t\t\t\t\t\t\tngg-6-columns\t\t\t\"\n\t\t\t>\n\t\t\t\t\t\t<div class=\"ngg-gallery-thumbnail\">\n\t\t\t<a href=\"https:\/\/trucks4events.eu\/wp\/wp-content\/gallery\/lampadario-rattan\/lampadario-vimini-balze-4.jpg\"\n\t\t\t\ttitle=\"\"\n\t\t\t\tdata-src=\"https:\/\/trucks4events.eu\/wp\/wp-content\/gallery\/lampadario-rattan\/lampadario-vimini-balze-4.jpg\"\n\t\t\t\tdata-thumbnail=\"https:\/\/trucks4events.eu\/wp\/wp-content\/gallery\/lampadario-rattan\/thumbs\/thumbs_lampadario-vimini-balze-4.jpg\"\n\t\t\t\tdata-image-id=\"441\"\n\t\t\t\tdata-title=\"lampadario-vimini-balze-4\"\n\t\t\t\tdata-description=\"\"\n\t\t\t\tdata-image-slug=\"lampadario-vimini-balze-4\"\n\t\t\t\tclass=\"ngg-simplelightbox\" rel=\"0dfac365ae6dda679357a79dbca55288\">\n\t\t\t\t<img\n\t\t\t\t\ttitle=\"lampadario-vimini-balze-4\"\n\t\t\t\t\talt=\"lampadario-vimini-balze-4\"\n\t\t\t\t\tsrc=\"https:\/\/trucks4events.eu\/wp\/wp-content\/gallery\/lampadario-rattan\/thumbs\/thumbs_lampadario-vimini-balze-4.jpg\"\n\t\t\t\t\twidth=\"240\"\n\t\t\t\t\theight=\"160\"\n\t\t\t\t\tstyle=\"max-width:100%;\"\n\t\t\t\t\/>\n\t\t\t<\/a>\n\t\t<\/div>\n\t\t\t\t\t\t\t<\/div>\n\t\t\t\n\t\t\t\t<div id=\"ngg-image-6\" class=\"ngg-gallery-thumbnail-box\n\t\t\t\t\t\t\t\tngg-6-columns\t\t\t\"\n\t\t\t>\n\t\t\t\t\t\t<div class=\"ngg-gallery-thumbnail\">\n\t\t\t<a href=\"https:\/\/trucks4events.eu\/wp\/wp-content\/gallery\/lampadario-rattan\/lampadario-vimini-balze-2.jpg\"\n\t\t\t\ttitle=\"\"\n\t\t\t\tdata-src=\"https:\/\/trucks4events.eu\/wp\/wp-content\/gallery\/lampadario-rattan\/lampadario-vimini-balze-2.jpg\"\n\t\t\t\tdata-thumbnail=\"https:\/\/trucks4events.eu\/wp\/wp-content\/gallery\/lampadario-rattan\/thumbs\/thumbs_lampadario-vimini-balze-2.jpg\"\n\t\t\t\tdata-image-id=\"442\"\n\t\t\t\tdata-title=\"lampadario-vimini-balze-2\"\n\t\t\t\tdata-description=\"\"\n\t\t\t\tdata-image-slug=\"lampadario-vimini-balze-2\"\n\t\t\t\tclass=\"ngg-simplelightbox\" rel=\"0dfac365ae6dda679357a79dbca55288\">\n\t\t\t\t<img\n\t\t\t\t\ttitle=\"lampadario-vimini-balze-2\"\n\t\t\t\t\talt=\"lampadario-vimini-balze-2\"\n\t\t\t\t\tsrc=\"https:\/\/trucks4events.eu\/wp\/wp-content\/gallery\/lampadario-rattan\/thumbs\/thumbs_lampadario-vimini-balze-2.jpg\"\n\t\t\t\t\twidth=\"240\"\n\t\t\t\t\theight=\"160\"\n\t\t\t\t\tstyle=\"max-width:100%;\"\n\t\t\t\t\/>\n\t\t\t<\/a>\n\t\t<\/div>\n\t\t\t\t\t\t\t<\/div>\n\t\t\t\n\t\t\t\t<div id=\"ngg-image-7\" class=\"ngg-gallery-thumbnail-box\n\t\t\t\t\t\t\t\tngg-6-columns\t\t\t\"\n\t\t\t>\n\t\t\t\t\t\t<div class=\"ngg-gallery-thumbnail\">\n\t\t\t<a href=\"https:\/\/trucks4events.eu\/wp\/wp-content\/gallery\/lampadario-rattan\/lampadario-vimini-6.jpg\"\n\t\t\t\ttitle=\"\"\n\t\t\t\tdata-src=\"https:\/\/trucks4events.eu\/wp\/wp-content\/gallery\/lampadario-rattan\/lampadario-vimini-6.jpg\"\n\t\t\t\tdata-thumbnail=\"https:\/\/trucks4events.eu\/wp\/wp-content\/gallery\/lampadario-rattan\/thumbs\/thumbs_lampadario-vimini-6.jpg\"\n\t\t\t\tdata-image-id=\"443\"\n\t\t\t\tdata-title=\"lampadario-vimini-6\"\n\t\t\t\tdata-description=\"\"\n\t\t\t\tdata-image-slug=\"lampadario-vimini-6\"\n\t\t\t\tclass=\"ngg-simplelightbox\" rel=\"0dfac365ae6dda679357a79dbca55288\">\n\t\t\t\t<img\n\t\t\t\t\ttitle=\"lampadario-vimini-6\"\n\t\t\t\t\talt=\"lampadario-vimini-6\"\n\t\t\t\t\tsrc=\"https:\/\/trucks4events.eu\/wp\/wp-content\/gallery\/lampadario-rattan\/thumbs\/thumbs_lampadario-vimini-6.jpg\"\n\t\t\t\t\twidth=\"240\"\n\t\t\t\t\theight=\"160\"\n\t\t\t\t\tstyle=\"max-width:100%;\"\n\t\t\t\t\/>\n\t\t\t<\/a>\n\t\t<\/div>\n\t\t\t\t\t\t\t<\/div>\n\t\t\t\n\t\t\t\t<div id=\"ngg-image-8\" class=\"ngg-gallery-thumbnail-box\n\t\t\t\t\t\t\t\tngg-6-columns\t\t\t\"\n\t\t\t>\n\t\t\t\t\t\t<div class=\"ngg-gallery-thumbnail\">\n\t\t\t<a href=\"https:\/\/trucks4events.eu\/wp\/wp-content\/gallery\/lampadario-rattan\/lampadario-balze.jpg\"\n\t\t\t\ttitle=\"\"\n\t\t\t\tdata-src=\"https:\/\/trucks4events.eu\/wp\/wp-content\/gallery\/lampadario-rattan\/lampadario-balze.jpg\"\n\t\t\t\tdata-thumbnail=\"https:\/\/trucks4events.eu\/wp\/wp-content\/gallery\/lampadario-rattan\/thumbs\/thumbs_lampadario-balze.jpg\"\n\t\t\t\tdata-image-id=\"444\"\n\t\t\t\tdata-title=\"lampadario-balze\"\n\t\t\t\tdata-description=\"\"\n\t\t\t\tdata-image-slug=\"lampadario-balze\"\n\t\t\t\tclass=\"ngg-simplelightbox\" rel=\"0dfac365ae6dda679357a79dbca55288\">\n\t\t\t\t<img\n\t\t\t\t\ttitle=\"lampadario-balze\"\n\t\t\t\t\talt=\"lampadario-balze\"\n\t\t\t\t\tsrc=\"https:\/\/trucks4events.eu\/wp\/wp-content\/gallery\/lampadario-rattan\/thumbs\/thumbs_lampadario-balze.jpg\"\n\t\t\t\t\twidth=\"240\"\n\t\t\t\t\theight=\"160\"\n\t\t\t\t\tstyle=\"max-width:100%;\"\n\t\t\t\t\/>\n\t\t\t<\/a>\n\t\t<\/div>\n\t\t\t\t\t\t\t<\/div>\n\t\t\t\n\t\n\t<br style=\"clear: both\" \/>\n\n\t\n\t\t<!-- Pagination -->\n\t\t<div class='ngg-clear'><\/div>\t<\/div>\n\n","protected":false},"featured_media":4302,"template":"","meta":{"ngg_post_thumbnail":0},"product_brand":[],"product_cat":[33],"product_tag":[],"class_list":{"0":"post-4280","1":"product","2":"type-product","3":"status-publish","4":"has-post-thumbnail","6":"product_cat-illuminazione","8":"first","9":"instock","10":"taxable","11":"shipping-taxable","12":"product-type-simple"},"lang":"it","translations":{"en":4365,"it":4280},"pll_sync_post":[],"_links":{"self":[{"href":"https:\/\/trucks4events.eu\/index.php?rest_route=\/wp\/v2\/product\/4280","targetHints":{"allow":["GET"]}}],"collection":[{"href":"https:\/\/trucks4events.eu\/index.php?rest_route=\/wp\/v2\/product"}],"about":[{"href":"https:\/\/trucks4events.eu\/index.php?rest_route=\/wp\/v2\/types\/product"}],"wp:featuredmedia":[{"embeddable":true,"href":"https:\/\/trucks4events.eu\/index.php?rest_route=\/wp\/v2\/media\/4302"}],"wp:attachment":[{"href":"https:\/\/trucks4events.eu\/index.php?rest_route=%2Fwp%2Fv2%2Fmedia&parent=4280"}],"wp:term":[{"taxonomy":"product_brand","embeddable":true,"href":"https:\/\/trucks4events.eu\/index.php?rest_route=%2Fwp%2Fv2%2Fproduct_brand&post=4280"},{"taxonomy":"product_cat","embeddable":true,"href":"https:\/\/trucks4events.eu\/index.php?rest_route=%2Fwp%2Fv2%2Fproduct_cat&post=4280"},{"taxonomy":"product_tag","embeddable":true,"href":"https:\/\/trucks4events.eu\/index.php?rest_route=%2Fwp%2Fv2%2Fproduct_tag&post=4280"}],"curies":[{"name":"wp","href":"https:\/\/api.w.org\/{rel}","templated":true}]}}