{"id":4306,"date":"2021-12-03T14:16:52","date_gmt":"2021-12-03T14:16:52","guid":{"rendered":"https:\/\/trucks4events.eu\/?post_type=product&#038;p=4306"},"modified":"2021-12-22T15:58:49","modified_gmt":"2021-12-22T15:58:49","slug":"lampada-riscaldante-a-infrarossi","status":"publish","type":"product","link":"https:\/\/trucks4events.eu\/?product=lampada-riscaldante-a-infrarossi","title":{"rendered":"LAMPADA RISCALDANTE A INFRAROSSI"},"content":{"rendered":"","protected":false},"excerpt":{"rendered":"<p>Lampada a raggi infrarossi, dal design moderno e accattivante, adatta per essere impiegata in ambienti interni di abitazioni civili, attivit\u00e0 commerciali, etc. Pu\u00f2 essere impiegata anche all&#8217;esterno purch\u00e9 in zone protette dagli agenti atmosferici (es. Verande, tettoie, etc.). Dimensioni 50 cm x 25 cm&nbsp;<\/p>\n<p><strong>Caratteristiche:<\/strong><\/p>\n<ul>\n<li>Struttura in lamiera d&#8217;acciaio.<\/li>\n<li>Piastra per il fissaggio a parete integrata alla struttura.<\/li>\n<li>Griglia di protezione incorporata.<\/li>\n<li>Interruttore a cordicella a 4 posizioni (0, 1, 2 e 3) per selezionare 3 livelli di potenza: 650w &#8211; 1350w &#8211; 2000w.<\/li>\n<li>Dispositivo di sicurezza a bilanciere per l&#8217;interruzione del funzionamento in caso di ribaltamento.<\/li>\n<li>Dlimentazione 220 v con attacco shuko.<\/li>\n<\/ul>\n<p>Altezza consigliata per l&#8217;installazione : 1,90 &#8211; 2,20 mt.<\/p>\n<p>Area di copertura: circa 22 mq.<\/p>\n<p>Distribuzione potenza su superficie: 90 watt per mq.<\/p>\n","protected":false},"featured_media":4307,"template":"","meta":{"ngg_post_thumbnail":0},"product_brand":[],"product_cat":[41],"product_tag":[],"class_list":{"0":"post-4306","1":"product","2":"type-product","3":"status-publish","4":"has-post-thumbnail","6":"product_cat-raffrescatori-e-riscaldatori","8":"first","9":"instock","10":"taxable","11":"shipping-taxable","12":"product-type-simple"},"lang":"it","translations":{"en":4376,"it":4306},"pll_sync_post":[],"_links":{"self":[{"href":"https:\/\/trucks4events.eu\/index.php?rest_route=\/wp\/v2\/product\/4306","targetHints":{"allow":["GET"]}}],"collection":[{"href":"https:\/\/trucks4events.eu\/index.php?rest_route=\/wp\/v2\/product"}],"about":[{"href":"https:\/\/trucks4events.eu\/index.php?rest_route=\/wp\/v2\/types\/product"}],"wp:featuredmedia":[{"embeddable":true,"href":"https:\/\/trucks4events.eu\/index.php?rest_route=\/wp\/v2\/media\/4307"}],"wp:attachment":[{"href":"https:\/\/trucks4events.eu\/index.php?rest_route=%2Fwp%2Fv2%2Fmedia&parent=4306"}],"wp:term":[{"taxonomy":"product_brand","embeddable":true,"href":"https:\/\/trucks4events.eu\/index.php?rest_route=%2Fwp%2Fv2%2Fproduct_brand&post=4306"},{"taxonomy":"product_cat","embeddable":true,"href":"https:\/\/trucks4events.eu\/index.php?rest_route=%2Fwp%2Fv2%2Fproduct_cat&post=4306"},{"taxonomy":"product_tag","embeddable":true,"href":"https:\/\/trucks4events.eu\/index.php?rest_route=%2Fwp%2Fv2%2Fproduct_tag&post=4306"}],"curies":[{"name":"wp","href":"https:\/\/api.w.org\/{rel}","templated":true}]}}