{"id":76,"date":"2020-04-01T10:29:31","date_gmt":"2020-04-01T10:29:31","guid":{"rendered":"https:\/\/truck4event.eu\/?post_type=product&#038;p=76"},"modified":"2020-11-23T16:29:23","modified_gmt":"2020-11-23T16:29:23","slug":"cargobike","status":"publish","type":"product","link":"https:\/\/trucks4events.eu\/?product=cargobike","title":{"rendered":"CARGOBIKE"},"content":{"rendered":"","protected":false},"excerpt":{"rendered":"<p>Un piccolo <strong><span style=\"color: #f28c00;\">mezzo di mobilit\u00e0 green<\/span><\/strong>&nbsp;che garantisce la visibilit\u00e0 del tuo brand. Comodo e versatile, \u00e8 facilmente gestibile da hostess e steward durante gli eventi. Ideale per distribuzioni sampling, ma anche per la vendita di bevande all\u2019interno della tua manifestazione. L\u2019apposito attacco funzionale fra bicicletta e carretto rende facile e poco faticosa la pedalata. Sul carretto \u00e8 possibile utilizzare un box coibentato e posizionare una bandiera brandizzata affinch\u00e9 sia pi\u00f9 visibile tra la folla.<\/p>\n<!-- default-view.php -->\n<div\n\tclass=\"ngg-galleryoverview default-view\n\t\t\"\n\tid=\"ngg-gallery-90077d363b867841c3369de5ac8ca567-1\">\n\n\t\t<!-- Thumbnails -->\n\t\t\t\t<div id=\"ngg-image-0\" class=\"ngg-gallery-thumbnail-box\n\t\t\t\t\t\t\t\tngg-5-columns\t\t\t\"\n\t\t\t>\n\t\t\t\t\t\t<div class=\"ngg-gallery-thumbnail\">\n\t\t\t<a href=\"https:\/\/trucks4events.eu\/wp\/wp-content\/gallery\/cargobike\/DSC_1894.jpg\"\n\t\t\t\ttitle=\"\"\n\t\t\t\tdata-src=\"https:\/\/trucks4events.eu\/wp\/wp-content\/gallery\/cargobike\/DSC_1894.jpg\"\n\t\t\t\tdata-thumbnail=\"https:\/\/trucks4events.eu\/wp\/wp-content\/gallery\/cargobike\/thumbs\/thumbs_DSC_1894.jpg\"\n\t\t\t\tdata-image-id=\"92\"\n\t\t\t\tdata-title=\"DSC_1894\"\n\t\t\t\tdata-description=\"\"\n\t\t\t\tdata-image-slug=\"dsc_1894\"\n\t\t\t\tclass=\"ngg-simplelightbox\" rel=\"90077d363b867841c3369de5ac8ca567\">\n\t\t\t\t<img\n\t\t\t\t\ttitle=\"DSC_1894\"\n\t\t\t\t\talt=\"DSC_1894\"\n\t\t\t\t\tsrc=\"https:\/\/trucks4events.eu\/wp\/wp-content\/gallery\/cargobike\/thumbs\/thumbs_DSC_1894.jpg\"\n\t\t\t\t\twidth=\"240\"\n\t\t\t\t\theight=\"160\"\n\t\t\t\t\tstyle=\"max-width:100%;\"\n\t\t\t\t\/>\n\t\t\t<\/a>\n\t\t<\/div>\n\t\t\t\t\t\t\t<\/div>\n\t\t\t\n\t\t\t\t<div id=\"ngg-image-1\" class=\"ngg-gallery-thumbnail-box\n\t\t\t\t\t\t\t\tngg-5-columns\t\t\t\"\n\t\t\t>\n\t\t\t\t\t\t<div class=\"ngg-gallery-thumbnail\">\n\t\t\t<a href=\"https:\/\/trucks4events.eu\/wp\/wp-content\/gallery\/cargobike\/DSC_1898.jpg\"\n\t\t\t\ttitle=\"\"\n\t\t\t\tdata-src=\"https:\/\/trucks4events.eu\/wp\/wp-content\/gallery\/cargobike\/DSC_1898.jpg\"\n\t\t\t\tdata-thumbnail=\"https:\/\/trucks4events.eu\/wp\/wp-content\/gallery\/cargobike\/thumbs\/thumbs_DSC_1898.jpg\"\n\t\t\t\tdata-image-id=\"93\"\n\t\t\t\tdata-title=\"DSC_1898\"\n\t\t\t\tdata-description=\"\"\n\t\t\t\tdata-image-slug=\"dsc_1898\"\n\t\t\t\tclass=\"ngg-simplelightbox\" rel=\"90077d363b867841c3369de5ac8ca567\">\n\t\t\t\t<img\n\t\t\t\t\ttitle=\"DSC_1898\"\n\t\t\t\t\talt=\"DSC_1898\"\n\t\t\t\t\tsrc=\"https:\/\/trucks4events.eu\/wp\/wp-content\/gallery\/cargobike\/thumbs\/thumbs_DSC_1898.jpg\"\n\t\t\t\t\twidth=\"240\"\n\t\t\t\t\theight=\"160\"\n\t\t\t\t\tstyle=\"max-width:100%;\"\n\t\t\t\t\/>\n\t\t\t<\/a>\n\t\t<\/div>\n\t\t\t\t\t\t\t<\/div>\n\t\t\t\n\t\t\t\t<div id=\"ngg-image-2\" class=\"ngg-gallery-thumbnail-box\n\t\t\t\t\t\t\t\tngg-5-columns\t\t\t\"\n\t\t\t>\n\t\t\t\t\t\t<div class=\"ngg-gallery-thumbnail\">\n\t\t\t<a href=\"https:\/\/trucks4events.eu\/wp\/wp-content\/gallery\/cargobike\/DSC_1902.jpg\"\n\t\t\t\ttitle=\"\"\n\t\t\t\tdata-src=\"https:\/\/trucks4events.eu\/wp\/wp-content\/gallery\/cargobike\/DSC_1902.jpg\"\n\t\t\t\tdata-thumbnail=\"https:\/\/trucks4events.eu\/wp\/wp-content\/gallery\/cargobike\/thumbs\/thumbs_DSC_1902.jpg\"\n\t\t\t\tdata-image-id=\"95\"\n\t\t\t\tdata-title=\"DSC_1902\"\n\t\t\t\tdata-description=\"\"\n\t\t\t\tdata-image-slug=\"dsc_1902\"\n\t\t\t\tclass=\"ngg-simplelightbox\" rel=\"90077d363b867841c3369de5ac8ca567\">\n\t\t\t\t<img\n\t\t\t\t\ttitle=\"DSC_1902\"\n\t\t\t\t\talt=\"DSC_1902\"\n\t\t\t\t\tsrc=\"https:\/\/trucks4events.eu\/wp\/wp-content\/gallery\/cargobike\/thumbs\/thumbs_DSC_1902.jpg\"\n\t\t\t\t\twidth=\"240\"\n\t\t\t\t\theight=\"160\"\n\t\t\t\t\tstyle=\"max-width:100%;\"\n\t\t\t\t\/>\n\t\t\t<\/a>\n\t\t<\/div>\n\t\t\t\t\t\t\t<\/div>\n\t\t\t\n\t\t\t\t<div id=\"ngg-image-3\" class=\"ngg-gallery-thumbnail-box\n\t\t\t\t\t\t\t\tngg-5-columns\t\t\t\"\n\t\t\t>\n\t\t\t\t\t\t<div class=\"ngg-gallery-thumbnail\">\n\t\t\t<a href=\"https:\/\/trucks4events.eu\/wp\/wp-content\/gallery\/cargobike\/DSC_1904.jpg\"\n\t\t\t\ttitle=\"\"\n\t\t\t\tdata-src=\"https:\/\/trucks4events.eu\/wp\/wp-content\/gallery\/cargobike\/DSC_1904.jpg\"\n\t\t\t\tdata-thumbnail=\"https:\/\/trucks4events.eu\/wp\/wp-content\/gallery\/cargobike\/thumbs\/thumbs_DSC_1904.jpg\"\n\t\t\t\tdata-image-id=\"96\"\n\t\t\t\tdata-title=\"DSC_1904\"\n\t\t\t\tdata-description=\"\"\n\t\t\t\tdata-image-slug=\"dsc_1904\"\n\t\t\t\tclass=\"ngg-simplelightbox\" rel=\"90077d363b867841c3369de5ac8ca567\">\n\t\t\t\t<img\n\t\t\t\t\ttitle=\"DSC_1904\"\n\t\t\t\t\talt=\"DSC_1904\"\n\t\t\t\t\tsrc=\"https:\/\/trucks4events.eu\/wp\/wp-content\/gallery\/cargobike\/thumbs\/thumbs_DSC_1904.jpg\"\n\t\t\t\t\twidth=\"240\"\n\t\t\t\t\theight=\"160\"\n\t\t\t\t\tstyle=\"max-width:100%;\"\n\t\t\t\t\/>\n\t\t\t<\/a>\n\t\t<\/div>\n\t\t\t\t\t\t\t<\/div>\n\t\t\t\n\t\t\t\t<div id=\"ngg-image-4\" class=\"ngg-gallery-thumbnail-box\n\t\t\t\t\t\t\t\tngg-5-columns\t\t\t\"\n\t\t\t>\n\t\t\t\t\t\t<div class=\"ngg-gallery-thumbnail\">\n\t\t\t<a href=\"https:\/\/trucks4events.eu\/wp\/wp-content\/gallery\/cargobike\/DSC_1907.jpg\"\n\t\t\t\ttitle=\"\"\n\t\t\t\tdata-src=\"https:\/\/trucks4events.eu\/wp\/wp-content\/gallery\/cargobike\/DSC_1907.jpg\"\n\t\t\t\tdata-thumbnail=\"https:\/\/trucks4events.eu\/wp\/wp-content\/gallery\/cargobike\/thumbs\/thumbs_DSC_1907.jpg\"\n\t\t\t\tdata-image-id=\"97\"\n\t\t\t\tdata-title=\"DSC_1907\"\n\t\t\t\tdata-description=\"\"\n\t\t\t\tdata-image-slug=\"dsc_1907\"\n\t\t\t\tclass=\"ngg-simplelightbox\" rel=\"90077d363b867841c3369de5ac8ca567\">\n\t\t\t\t<img\n\t\t\t\t\ttitle=\"DSC_1907\"\n\t\t\t\t\talt=\"DSC_1907\"\n\t\t\t\t\tsrc=\"https:\/\/trucks4events.eu\/wp\/wp-content\/gallery\/cargobike\/thumbs\/thumbs_DSC_1907.jpg\"\n\t\t\t\t\twidth=\"240\"\n\t\t\t\t\theight=\"160\"\n\t\t\t\t\tstyle=\"max-width:100%;\"\n\t\t\t\t\/>\n\t\t\t<\/a>\n\t\t<\/div>\n\t\t\t\t\t\t\t<\/div>\n\t\t\t\n\t\t\t\t<div id=\"ngg-image-5\" class=\"ngg-gallery-thumbnail-box\n\t\t\t\t\t\t\t\tngg-5-columns\t\t\t\"\n\t\t\t>\n\t\t\t\t\t\t<div class=\"ngg-gallery-thumbnail\">\n\t\t\t<a href=\"https:\/\/trucks4events.eu\/wp\/wp-content\/gallery\/cargobike\/IMG_2032-scaled.jpg\"\n\t\t\t\ttitle=\"\"\n\t\t\t\tdata-src=\"https:\/\/trucks4events.eu\/wp\/wp-content\/gallery\/cargobike\/IMG_2032-scaled.jpg\"\n\t\t\t\tdata-thumbnail=\"https:\/\/trucks4events.eu\/wp\/wp-content\/gallery\/cargobike\/thumbs\/thumbs_IMG_2032-scaled.jpg\"\n\t\t\t\tdata-image-id=\"98\"\n\t\t\t\tdata-title=\"IMG_2032-scaled\"\n\t\t\t\tdata-description=\"\"\n\t\t\t\tdata-image-slug=\"img_2032-scaled\"\n\t\t\t\tclass=\"ngg-simplelightbox\" rel=\"90077d363b867841c3369de5ac8ca567\">\n\t\t\t\t<img\n\t\t\t\t\ttitle=\"IMG_2032-scaled\"\n\t\t\t\t\talt=\"IMG_2032-scaled\"\n\t\t\t\t\tsrc=\"https:\/\/trucks4events.eu\/wp\/wp-content\/gallery\/cargobike\/thumbs\/thumbs_IMG_2032-scaled.jpg\"\n\t\t\t\t\twidth=\"240\"\n\t\t\t\t\theight=\"160\"\n\t\t\t\t\tstyle=\"max-width:100%;\"\n\t\t\t\t\/>\n\t\t\t<\/a>\n\t\t<\/div>\n\t\t\t\t\t\t\t<\/div>\n\t\t\t\n\t\t\t\t<div id=\"ngg-image-6\" class=\"ngg-gallery-thumbnail-box\n\t\t\t\t\t\t\t\tngg-5-columns\t\t\t\"\n\t\t\t>\n\t\t\t\t\t\t<div class=\"ngg-gallery-thumbnail\">\n\t\t\t<a href=\"https:\/\/trucks4events.eu\/wp\/wp-content\/gallery\/cargobike\/IMG_8426-scaled.jpg\"\n\t\t\t\ttitle=\"\"\n\t\t\t\tdata-src=\"https:\/\/trucks4events.eu\/wp\/wp-content\/gallery\/cargobike\/IMG_8426-scaled.jpg\"\n\t\t\t\tdata-thumbnail=\"https:\/\/trucks4events.eu\/wp\/wp-content\/gallery\/cargobike\/thumbs\/thumbs_IMG_8426-scaled.jpg\"\n\t\t\t\tdata-image-id=\"99\"\n\t\t\t\tdata-title=\"IMG_8426-scaled\"\n\t\t\t\tdata-description=\"\"\n\t\t\t\tdata-image-slug=\"img_8426-scaled\"\n\t\t\t\tclass=\"ngg-simplelightbox\" rel=\"90077d363b867841c3369de5ac8ca567\">\n\t\t\t\t<img\n\t\t\t\t\ttitle=\"IMG_8426-scaled\"\n\t\t\t\t\talt=\"IMG_8426-scaled\"\n\t\t\t\t\tsrc=\"https:\/\/trucks4events.eu\/wp\/wp-content\/gallery\/cargobike\/thumbs\/thumbs_IMG_8426-scaled.jpg\"\n\t\t\t\t\twidth=\"240\"\n\t\t\t\t\theight=\"160\"\n\t\t\t\t\tstyle=\"max-width:100%;\"\n\t\t\t\t\/>\n\t\t\t<\/a>\n\t\t<\/div>\n\t\t\t\t\t\t\t<\/div>\n\t\t\t\n\t\t\t\t<div id=\"ngg-image-7\" class=\"ngg-gallery-thumbnail-box\n\t\t\t\t\t\t\t\tngg-5-columns\t\t\t\"\n\t\t\t>\n\t\t\t\t\t\t<div class=\"ngg-gallery-thumbnail\">\n\t\t\t<a href=\"https:\/\/trucks4events.eu\/wp\/wp-content\/gallery\/cargobike\/IMG_8439-scaled.jpg\"\n\t\t\t\ttitle=\"\"\n\t\t\t\tdata-src=\"https:\/\/trucks4events.eu\/wp\/wp-content\/gallery\/cargobike\/IMG_8439-scaled.jpg\"\n\t\t\t\tdata-thumbnail=\"https:\/\/trucks4events.eu\/wp\/wp-content\/gallery\/cargobike\/thumbs\/thumbs_IMG_8439-scaled.jpg\"\n\t\t\t\tdata-image-id=\"100\"\n\t\t\t\tdata-title=\"IMG_8439-scaled\"\n\t\t\t\tdata-description=\"\"\n\t\t\t\tdata-image-slug=\"img_8439-scaled\"\n\t\t\t\tclass=\"ngg-simplelightbox\" rel=\"90077d363b867841c3369de5ac8ca567\">\n\t\t\t\t<img\n\t\t\t\t\ttitle=\"IMG_8439-scaled\"\n\t\t\t\t\talt=\"IMG_8439-scaled\"\n\t\t\t\t\tsrc=\"https:\/\/trucks4events.eu\/wp\/wp-content\/gallery\/cargobike\/thumbs\/thumbs_IMG_8439-scaled.jpg\"\n\t\t\t\t\twidth=\"240\"\n\t\t\t\t\theight=\"160\"\n\t\t\t\t\tstyle=\"max-width:100%;\"\n\t\t\t\t\/>\n\t\t\t<\/a>\n\t\t<\/div>\n\t\t\t\t\t\t\t<\/div>\n\t\t\t\n\t\t\t\t<div id=\"ngg-image-8\" class=\"ngg-gallery-thumbnail-box\n\t\t\t\t\t\t\t\tngg-5-columns\t\t\t\"\n\t\t\t>\n\t\t\t\t\t\t<div class=\"ngg-gallery-thumbnail\">\n\t\t\t<a href=\"https:\/\/trucks4events.eu\/wp\/wp-content\/gallery\/cargobike\/DSC_1889.jpg\"\n\t\t\t\ttitle=\"\"\n\t\t\t\tdata-src=\"https:\/\/trucks4events.eu\/wp\/wp-content\/gallery\/cargobike\/DSC_1889.jpg\"\n\t\t\t\tdata-thumbnail=\"https:\/\/trucks4events.eu\/wp\/wp-content\/gallery\/cargobike\/thumbs\/thumbs_DSC_1889.jpg\"\n\t\t\t\tdata-image-id=\"102\"\n\t\t\t\tdata-title=\"DSC_1889\"\n\t\t\t\tdata-description=\"\"\n\t\t\t\tdata-image-slug=\"dsc_1889\"\n\t\t\t\tclass=\"ngg-simplelightbox\" rel=\"90077d363b867841c3369de5ac8ca567\">\n\t\t\t\t<img\n\t\t\t\t\ttitle=\"DSC_1889\"\n\t\t\t\t\talt=\"DSC_1889\"\n\t\t\t\t\tsrc=\"https:\/\/trucks4events.eu\/wp\/wp-content\/gallery\/cargobike\/thumbs\/thumbs_DSC_1889.jpg\"\n\t\t\t\t\twidth=\"240\"\n\t\t\t\t\theight=\"160\"\n\t\t\t\t\tstyle=\"max-width:100%;\"\n\t\t\t\t\/>\n\t\t\t<\/a>\n\t\t<\/div>\n\t\t\t\t\t\t\t<\/div>\n\t\t\t\n\t\t\t\t<div id=\"ngg-image-9\" class=\"ngg-gallery-thumbnail-box\n\t\t\t\t\t\t\t\tngg-5-columns\t\t\t\"\n\t\t\t>\n\t\t\t\t\t\t<div class=\"ngg-gallery-thumbnail\">\n\t\t\t<a href=\"https:\/\/trucks4events.eu\/wp\/wp-content\/gallery\/cargobike\/1-18-scaled.jpg\"\n\t\t\t\ttitle=\"\"\n\t\t\t\tdata-src=\"https:\/\/trucks4events.eu\/wp\/wp-content\/gallery\/cargobike\/1-18-scaled.jpg\"\n\t\t\t\tdata-thumbnail=\"https:\/\/trucks4events.eu\/wp\/wp-content\/gallery\/cargobike\/thumbs\/thumbs_1-18-scaled.jpg\"\n\t\t\t\tdata-image-id=\"103\"\n\t\t\t\tdata-title=\"1-18-scaled\"\n\t\t\t\tdata-description=\"\"\n\t\t\t\tdata-image-slug=\"1-18-scaled\"\n\t\t\t\tclass=\"ngg-simplelightbox\" rel=\"90077d363b867841c3369de5ac8ca567\">\n\t\t\t\t<img\n\t\t\t\t\ttitle=\"1-18-scaled\"\n\t\t\t\t\talt=\"1-18-scaled\"\n\t\t\t\t\tsrc=\"https:\/\/trucks4events.eu\/wp\/wp-content\/gallery\/cargobike\/thumbs\/thumbs_1-18-scaled.jpg\"\n\t\t\t\t\twidth=\"240\"\n\t\t\t\t\theight=\"160\"\n\t\t\t\t\tstyle=\"max-width:100%;\"\n\t\t\t\t\/>\n\t\t\t<\/a>\n\t\t<\/div>\n\t\t\t\t\t\t\t<\/div>\n\t\t\t\n\t\n\t<br style=\"clear: both\" \/>\n\n\t\n\t\t<!-- Pagination -->\n\t\t<div class='ngg-clear'><\/div>\t<\/div>\n\n","protected":false},"featured_media":855,"template":"","meta":{"ngg_post_thumbnail":0},"product_brand":[],"product_cat":[18],"product_tag":[],"class_list":{"0":"post-76","1":"product","2":"type-product","3":"status-publish","4":"has-post-thumbnail","6":"product_cat-special-truck","8":"first","9":"instock","10":"taxable","11":"shipping-taxable","12":"product-type-simple"},"lang":"it","translations":{"it":76,"en":3343},"pll_sync_post":[],"_links":{"self":[{"href":"https:\/\/trucks4events.eu\/index.php?rest_route=\/wp\/v2\/product\/76","targetHints":{"allow":["GET"]}}],"collection":[{"href":"https:\/\/trucks4events.eu\/index.php?rest_route=\/wp\/v2\/product"}],"about":[{"href":"https:\/\/trucks4events.eu\/index.php?rest_route=\/wp\/v2\/types\/product"}],"wp:featuredmedia":[{"embeddable":true,"href":"https:\/\/trucks4events.eu\/index.php?rest_route=\/wp\/v2\/media\/855"}],"wp:attachment":[{"href":"https:\/\/trucks4events.eu\/index.php?rest_route=%2Fwp%2Fv2%2Fmedia&parent=76"}],"wp:term":[{"taxonomy":"product_brand","embeddable":true,"href":"https:\/\/trucks4events.eu\/index.php?rest_route=%2Fwp%2Fv2%2Fproduct_brand&post=76"},{"taxonomy":"product_cat","embeddable":true,"href":"https:\/\/trucks4events.eu\/index.php?rest_route=%2Fwp%2Fv2%2Fproduct_cat&post=76"},{"taxonomy":"product_tag","embeddable":true,"href":"https:\/\/trucks4events.eu\/index.php?rest_route=%2Fwp%2Fv2%2Fproduct_tag&post=76"}],"curies":[{"name":"wp","href":"https:\/\/api.w.org\/{rel}","templated":true}]}}